{"id":5876,"date":"2025-06-13T16:15:45","date_gmt":"2025-06-13T15:15:45","guid":{"rendered":"http:\/\/www.drelin.cz\/?page_id=5876"},"modified":"2025-08-12T11:05:42","modified_gmt":"2025-08-12T10:05:42","slug":"vychozi-stranka","status":"publish","type":"page","link":"http:\/\/www.drelin.cz\/?page_id=5876","title":{"rendered":"V\u00fdchoz\u00ed str\u00e1nka"},"content":{"rendered":"<p><!DOCTYPE html><br \/>\n<html lang=\"cs\"><br \/>\n<head><br \/>\n  <meta charset=\"UTF-8\"><br \/>\n  <title>Ivan Bou\u0161ka \u2013 IT technik<\/title><\/p>\n<style>\n    body {\n      font-family: Arial, sans-serif;\n      margin: 0; padding: 0;\n      background: #0f172a;\n      color: #e2e8f0;\n    }\n    header {\n      background-image: url(\"http:\/\/www.drelin.cz\/wp-content\/uploads\/2025\/06\/pcb.jpg\");\n      background-size: cover;\n      background-position: center;\n      text-align: center;\n      padding: 100px 20px;\n      color: #fff;\n      text-shadow: 0 0 10px #000;\n    }\n    header h1 {\n      font-size: 3em;\n      margin-bottom: 10px;\n    }\n    header p {\n      font-size: 1.4em;\n    }\n    .container {\n      padding: 40px 20px;\n      max-width: 800px;\n      margin: auto;\n    }\n    section {\n      margin-bottom: 40px;\n    }\n    h2 {\n      color: #38bdf8;\n      margin-bottom: 15px;\n    }\n    h3 { \n      font-size: 1,3em;\n      color: yellow; \n    }\n    .services ul {\n      list-style: none;\n      padding: 0;\n    }\n    .services li {\n      background: #334155;\n      padding: 15px;\n      margin-bottom: 10px;\n      border-radius: 8px;\n    }\n    footer {\n      background: #1e293b;\n      text-align: center;\n      padding: 20px;\n      color: #64748b;\n    }\n  <\/style>\n<p><\/head><br \/>\n<body><\/p>\n<header>\n<h1>\n<p style=\"color: yellow;\"><b>Ivan Bou\u0161ka <\/b><\/p>\n<\/h1>\n<h1>\n<p style=\"color: yellow;\"><b>IT technik, elektronik <\/b><\/p>\n<\/h1>\n<\/header>\n<div class=\"container\">\n<section>\n<h2>O mn\u011b<\/h2>\n<p>Jsem zku\u0161en\u00fd elektronik pracuj\u00edc\u00ed v oboru des\u00edtky let, zam\u011b\u0159en\u00fd na instalace, opravy a servis elektronick\u00fdch za\u0159\u00edzen\u00ed. Instaluji a servisuji r\u016fzn\u00e1 za\u0159\u00edzen\u00ed dle individu\u00e1ln\u00ed pot\u0159eby z\u00e1kazn\u00edk\u016f z \u0159ad firem nebo soukrom\u00fdch u\u017eivatel\u016f. <\/p>\n<\/section>\n<section class=\"services\">\n<h2>Slu\u017eby<\/h2>\n<ul>\n<li>\n<h3>Instalace a servis elektronick\u00fdch zabezpe\u010dovac\u00edch syst\u00e9m\u016f <\/h3>\n<p><\/b><br \/> <br \/>\n           (Paradox, Eldes, Satel, Jablotron, &#8230;)<\/li>\n<li>Instalace a servis kamerov\u00fdch syst\u00e9m\u016f <br \/> <br \/>\n           (Digit\u00e1ln\u00ed IP kamery i analogov\u00e9 syst\u00e9my)<\/li>\n<li>Prodej a servis po\u010d\u00edta\u010d\u016f, notebook\u016f, tisk\u00e1ren, &#8230; <br \/> <br \/>\n           (tonery, komponenty do po\u010d\u00edta\u010d\u016f, z\u00e1lohovac\u00ed za\u0159\u00edzen\u00ed, individu\u00e1ln\u00ed sestavy po\u010d\u00edta\u010d\u016f)<\/li>\n<li>Instalace motor\u016f pro posuvn\u00e9 a k\u0159\u00eddlov\u00e9 br\u00e1ny <br \/> <br \/>\n           (elektrick\u00e9 pohony pro posuvn\u00e9 br\u00e1ny, pro k\u0159\u00eddlov\u00e9 br\u00e1ny i gar\u00e1\u017eov\u00e9 vrata s motorem na strop\u011b)<\/li>\n<li>Individu\u00e1ln\u00ed elektronika dle pot\u0159eb z\u00e1kazn\u00edk\u016f <br \/> <br \/>\n           (nap\u0159. chytr\u00e1 dom\u00e1cnost pomoc\u00ed WiFi nebo Zigbee, GSM ovl\u00e1d\u00e1n\u00ed vrat, k\u00f3dov\u00e9 z\u00e1mky, &#8230;)<\/li>\n<li>Sva\u0159ov\u00e1n\u00ed optick\u00fdch kabel\u016f <br \/> <br \/>\n           (zakon\u010den\u00ed optick\u00fdch kabel\u016f v optick\u00e9m panelu)<\/li>\n<\/ul>\n<\/section>\n<section>\n<h2>Kontakt<\/h2>\n<p><strong>Ivan Bou\u0161ka &#8211; DRELIN<\/strong><\/p>\n<p>Vily 188, 560 02 \u010cesk\u00e1 T\u0159ebov\u00e1<\/p>\n<p>I\u010cO: 437 21 559, DI\u010c: 6804232182, pl\u00e1tce DPH<\/p>\n<style>\na:link    {color: yellow}\na:visited    {color: purple}\na:active    {color: red}\n<\/style>\n<p>Email: <a href=\"mailto:drelin@seznam.cz\">drelin@seznam.cz<\/a><\/p>\n<p>Telefon: <a href=\"tel:+420777334470\">777 334 470<\/a><\/p>\n<\/section>\n<\/div>\n<footer>\n  &copy; 2025 Ivan Bou\u0161ka \u2013 IT slu\u017eby, elektronika<br \/>\n<\/footer>\n<p><\/body><br \/>\n<\/html><\/p>\n","protected":false},"excerpt":{"rendered":"<p>Ivan Bou\u0161ka \u2013 IT technik Ivan Bou\u0161ka IT technik, elektronik O mn\u011b Jsem zku\u0161en\u00fd elektronik pracuj\u00edc\u00ed v oboru des\u00edtky let, zam\u011b\u0159en\u00fd na instalace, opravy a servis elektronick\u00fdch za\u0159\u00edzen\u00ed. Instaluji a servisuji r\u016fzn\u00e1 za\u0159\u00edzen\u00ed dle individu\u00e1ln\u00ed pot\u0159eby z\u00e1kazn\u00edk\u016f z \u0159ad firem nebo soukrom\u00fdch u\u017eivatel\u016f. Slu\u017eby Instalace a servis elektronick\u00fdch zabezpe\u010dovac\u00edch syst\u00e9m\u016f (Paradox, Eldes, Satel, Jablotron, &#8230;) [&hellip;]<\/p>\n","protected":false},"author":1,"featured_media":0,"parent":0,"menu_order":0,"comment_status":"closed","ping_status":"closed","template":"","meta":{"footnotes":""},"class_list":["post-5876","page","type-page","status-publish","hentry"],"_links":{"self":[{"href":"http:\/\/www.drelin.cz\/index.php?rest_route=\/wp\/v2\/pages\/5876","targetHints":{"allow":["GET"]}}],"collection":[{"href":"http:\/\/www.drelin.cz\/index.php?rest_route=\/wp\/v2\/pages"}],"about":[{"href":"http:\/\/www.drelin.cz\/index.php?rest_route=\/wp\/v2\/types\/page"}],"author":[{"embeddable":true,"href":"http:\/\/www.drelin.cz\/index.php?rest_route=\/wp\/v2\/users\/1"}],"replies":[{"embeddable":true,"href":"http:\/\/www.drelin.cz\/index.php?rest_route=%2Fwp%2Fv2%2Fcomments&post=5876"}],"version-history":[{"count":15,"href":"http:\/\/www.drelin.cz\/index.php?rest_route=\/wp\/v2\/pages\/5876\/revisions"}],"predecessor-version":[{"id":15819,"href":"http:\/\/www.drelin.cz\/index.php?rest_route=\/wp\/v2\/pages\/5876\/revisions\/15819"}],"wp:attachment":[{"href":"http:\/\/www.drelin.cz\/index.php?rest_route=%2Fwp%2Fv2%2Fmedia&parent=5876"}],"curies":[{"name":"wp","href":"https:\/\/api.w.org\/{rel}","templated":true}]}}